{"id":30,"date":"2017-11-05T22:38:35","date_gmt":"2017-11-05T22:38:35","guid":{"rendered":"http:\/\/hormigaradio.com\/?page_id=30"},"modified":"2020-10-26T03:03:46","modified_gmt":"2020-10-26T03:03:46","slug":"nosotros","status":"publish","type":"page","link":"https:\/\/hormigaradio.com\/?page_id=30","title":{"rendered":"Nosotros"},"content":{"rendered":"<p><strong>Perfil\u00a0 <a href=\"http:\/\/www.hormigaradio.com\">www.hormigaradio.com<\/a><\/strong><\/p>\n<p><strong>Plataforma de comunicaci\u00f3n alternativa y multimedias.<\/strong><\/p>\n<p><strong>\u00a0<\/strong><strong>HISTORIA:\u00a0<\/strong><a href=\"http:\/\/www.hormigaradio.com\/\">www.hormigaradio.com<\/a>, se puso en l\u00ednea el 06 de noviembre del 2017 y empez\u00f3 su transmisi\u00f3n de audio en la web, el 07 de noviembre del 2017, a las 6:30 de la tarde. Esta alternativa de comunicaci\u00f3n multimedias, naci\u00f3 por el inter\u00e9s de llevar en un mismo espacio, identificaci\u00f3n cultural, m\u00fasica e informaci\u00f3n. La estaci\u00f3n de difusi\u00f3n digital,\u00a0<a href=\"http:\/\/www.hormigaradio.com\/\">www.hormigaradio.com<\/a>,\u00a0 transmite desde <a href=\"https:\/\/es.wikipedia.org\/wiki\/Provincia_de_Santiago_(Rep%C3%BAblica_Dominicana)\">Santiago de los Caballeros<\/a>,\u00a0 segundo centro urbano m\u00e1s importante\u00a0 de la <a href=\"https:\/\/es.wikipedia.org\/wiki\/Rep%C3%BAblica_Dominicana\">Rep\u00fablica Dominicana<\/a>, ubicado a 150 kil\u00f3metros, al norte de la capital del pa\u00eds.<\/p>\n<p><a href=\"http:\/\/hormigaradio.com\/?attachment_id=4339\" rel=\"attachment wp-att-4339\"><img loading=\"lazy\" class=\"alignleft wp-image-4339 size-medium\" src=\"http:\/\/hormigaradio.com\/wp-content\/uploads\/2018\/11\/programacion-hormiga-radio-212x300.jpg\" alt=\"\" width=\"212\" height=\"300\" srcset=\"https:\/\/hormigaradio.com\/wp-content\/uploads\/2018\/11\/programacion-hormiga-radio-212x300.jpg 212w, https:\/\/hormigaradio.com\/wp-content\/uploads\/2018\/11\/programacion-hormiga-radio-768x1087.jpg 768w, https:\/\/hormigaradio.com\/wp-content\/uploads\/2018\/11\/programacion-hormiga-radio-724x1024.jpg 724w, https:\/\/hormigaradio.com\/wp-content\/uploads\/2018\/11\/programacion-hormiga-radio.jpg 793w\" sizes=\"(max-width: 212px) 100vw, 212px\" \/><\/a><\/p>\n<p><strong>MISI\u00d3N<\/strong>: Como profesionales del periodismo y promotores de la cultura,\u00a0 nos hemos planteado llevar al p\u00fablico un contenido, basado en la promoci\u00f3n y preservaci\u00f3n de la identidad nacional, a trav\u00e9s de la difusi\u00f3n de los ritmos musicales de la <a href=\"https:\/\/es.wikipedia.org\/wiki\/Rep%C3%BAblica_Dominicana\">Rep\u00fablica Dominicana<\/a>, primero el <a href=\"https:\/\/es.wikipedia.org\/wiki\/Merengue_(g%C3%A9nero_musical)\">merengue<\/a>, declarado por la <a href=\"https:\/\/es.wikipedia.org\/wiki\/Unesco\">UNESCO<\/a>, como\u00a0 Patrimonio Inmaterial de la Humanidad, en noviembre del 2016 y la <a href=\"https:\/\/en.wikipedia.org\/wiki\/Bachata_(music)\">bachata<\/a>, ritmo aut\u00e9ntico de la Rep\u00fablica Dominicana,\u00a0 declarado\u00a0Patrimonio Inmaterial de la Humanidad por la UNESCO, en diciembre del 2019.<\/p>\n<p>Ambas expresiones de la cultura popular dominicana, forman parte \u00a0de una gran oferta de ritmos tropicales, a lo que se suma el objetivo de\u00a0 trabajar y difundir informaciones sobre hechos relevantes para el desenvolvimiento de la sociedad.<\/p>\n<p><strong>Gracias por visitarnos, esperamos que\u00a0 cuente la experiencia con\u00a0<a href=\"http:\/\/www.hormigaradio.com\">www.hormigaradio.com<\/a><\/strong><\/p>\n<p><strong><a href=\"https:\/\/www.facebook.com\/maximo.laureano\">M\u00e1ximo Laureano<\/a> y <a href=\"https:\/\/www.facebook.com\/teanny.robles\">Evelin Valdez<\/a>, editores y productores.<\/strong><\/p>\n<p>Impactos: 132313<\/p>","protected":false},"excerpt":{"rendered":"<p>Perfil\u00a0 www.hormigaradio.com Plataforma de comunicaci\u00f3n alternativa y multimedias. \u00a0HISTORIA:\u00a0www.hormigaradio.com, se puso en l\u00ednea el 06 de noviembre del 2017 y empez\u00f3 su transmisi\u00f3n de<\/p>\n","protected":false},"author":1,"featured_media":0,"parent":0,"menu_order":0,"comment_status":"closed","ping_status":"closed","template":"","meta":[],"_links":{"self":[{"href":"https:\/\/hormigaradio.com\/index.php?rest_route=\/wp\/v2\/pages\/30"}],"collection":[{"href":"https:\/\/hormigaradio.com\/index.php?rest_route=\/wp\/v2\/pages"}],"about":[{"href":"https:\/\/hormigaradio.com\/index.php?rest_route=\/wp\/v2\/types\/page"}],"author":[{"embeddable":true,"href":"https:\/\/hormigaradio.com\/index.php?rest_route=\/wp\/v2\/users\/1"}],"replies":[{"embeddable":true,"href":"https:\/\/hormigaradio.com\/index.php?rest_route=%2Fwp%2Fv2%2Fcomments&post=30"}],"version-history":[{"count":20,"href":"https:\/\/hormigaradio.com\/index.php?rest_route=\/wp\/v2\/pages\/30\/revisions"}],"predecessor-version":[{"id":11360,"href":"https:\/\/hormigaradio.com\/index.php?rest_route=\/wp\/v2\/pages\/30\/revisions\/11360"}],"wp:attachment":[{"href":"https:\/\/hormigaradio.com\/index.php?rest_route=%2Fwp%2Fv2%2Fmedia&parent=30"}],"curies":[{"name":"wp","href":"https:\/\/api.w.org\/{rel}","templated":true}]}}